{"id":16,"date":"2019-05-25T20:57:19","date_gmt":"2019-05-25T18:57:19","guid":{"rendered":"http:\/\/blumentroll.de\/?page_id=16"},"modified":"2020-09-07T12:47:56","modified_gmt":"2020-09-07T10:47:56","slug":"anfahrt","status":"publish","type":"page","link":"https:\/\/blumentroll.de\/?page_id=16","title":{"rendered":"Anfahrt"},"content":{"rendered":"\n<h2 class=\"has-text-align-center\">Anfahrt<\/h2>\n\n\n\n<div class=\"wp-block-image\"><figure class=\"aligncenter size-large is-resized\"><img loading=\"lazy\" src=\"http:\/\/blumentroll.de\/wp-content\/uploads\/2019\/06\/oie_10214029097jAuNF-1-3.png\" alt=\"\" class=\"wp-image-114\" width=\"384\" height=\"74\" srcset=\"https:\/\/blumentroll.de\/wp-content\/uploads\/2019\/06\/oie_10214029097jAuNF-1-3.png 512w, https:\/\/blumentroll.de\/wp-content\/uploads\/2019\/06\/oie_10214029097jAuNF-1-3-300x58.png 300w\" sizes=\"(max-width: 384px) 100vw, 384px\" \/><\/figure><\/div>\n\n\n\n<p class=\"has-text-align-center\">Inh. Thomas Vogt<\/p>\n\n\n\n<p class=\"has-text-align-center\">Stuttgarter Str. 153\/3, 89075 Ulm<\/p>\n\n\n\n<figure class=\"wp-block-gallery columns-1 is-cropped\"><ul class=\"blocks-gallery-grid\"><li class=\"blocks-gallery-item\"><figure><img loading=\"lazy\" width=\"1024\" height=\"678\" src=\"https:\/\/blumentroll.de\/wp-content\/uploads\/2020\/08\/DSC_0156-1-1024x678.jpg\" alt=\"\" data-id=\"764\" data-full-url=\"https:\/\/blumentroll.de\/wp-content\/uploads\/2020\/08\/DSC_0156-1-scaled.jpg\" data-link=\"https:\/\/blumentroll.de\/anfahrt\/dsc_0156-1\/\" class=\"wp-image-764\" srcset=\"https:\/\/blumentroll.de\/wp-content\/uploads\/2020\/08\/DSC_0156-1-1024x678.jpg 1024w, https:\/\/blumentroll.de\/wp-content\/uploads\/2020\/08\/DSC_0156-1-300x199.jpg 300w, https:\/\/blumentroll.de\/wp-content\/uploads\/2020\/08\/DSC_0156-1-768x509.jpg 768w, https:\/\/blumentroll.de\/wp-content\/uploads\/2020\/08\/DSC_0156-1-1536x1017.jpg 1536w, https:\/\/blumentroll.de\/wp-content\/uploads\/2020\/08\/DSC_0156-1-2048x1356.jpg 2048w\" sizes=\"(max-width: 1024px) 100vw, 1024px\" \/><\/figure><\/li><\/ul><\/figure>\n\n\n\n<p>Wir sind auf dem Michelsberg, gegen\u00fcber der Kinderklinik \/ Frauenklinik, in der N\u00e4he des Ulmer Hauptfriedhofes. Sie erreichen uns auch bequem \u00fcber die Buslinie 7 Haltestelle Kliniken Michelsberg.<\/p>\n\n\n\n<p class=\"has-text-align-left\">Falls Sie mit dem Auto anreisen k\u00f6nnen Sie den f\u00fcr Sie kostenlosen Parkplatz hinter unserem Blumengesch\u00e4ft f\u00fcr die Dauer ihres Einkaufs nutzen.<\/p>\n\n\n\n<div class=\"wp-block-image is-style-default\"><figure class=\"aligncenter size-large\"><img loading=\"lazy\" width=\"737\" height=\"586\" src=\"https:\/\/blumentroll.de\/wp-content\/uploads\/2020\/09\/Unbenadasnnt.png\" alt=\"\" class=\"wp-image-843\" srcset=\"https:\/\/blumentroll.de\/wp-content\/uploads\/2020\/09\/Unbenadasnnt.png 737w, https:\/\/blumentroll.de\/wp-content\/uploads\/2020\/09\/Unbenadasnnt-300x239.png 300w\" sizes=\"(max-width: 737px) 100vw, 737px\" \/><\/figure><\/div>\n\n\n\n<p><\/p>\n","protected":false},"excerpt":{"rendered":"<p>Anfahrt Inh. Thomas Vogt Stuttgarter Str. 153\/3, 89075 Ulm Wir sind auf dem Michelsberg, gegen\u00fcber der Kinderklinik \/ Frauenklinik, in der N\u00e4he des Ulmer Hauptfriedhofes. Sie erreichen uns auch bequem \u00fcber die Buslinie 7 Haltestelle Kliniken Michelsberg. Falls Sie mit dem Auto anreisen k\u00f6nnen Sie den f\u00fcr Sie kostenlosen Parkplatz hinter unserem Blumengesch\u00e4ft f\u00fcr die Dauer ihres Einkaufs nutzen.<\/p>\n","protected":false},"author":1,"featured_media":0,"parent":0,"menu_order":0,"comment_status":"closed","ping_status":"closed","template":"","meta":[],"_links":{"self":[{"href":"https:\/\/blumentroll.de\/index.php?rest_route=\/wp\/v2\/pages\/16"}],"collection":[{"href":"https:\/\/blumentroll.de\/index.php?rest_route=\/wp\/v2\/pages"}],"about":[{"href":"https:\/\/blumentroll.de\/index.php?rest_route=\/wp\/v2\/types\/page"}],"author":[{"embeddable":true,"href":"https:\/\/blumentroll.de\/index.php?rest_route=\/wp\/v2\/users\/1"}],"replies":[{"embeddable":true,"href":"https:\/\/blumentroll.de\/index.php?rest_route=%2Fwp%2Fv2%2Fcomments&post=16"}],"version-history":[{"count":33,"href":"https:\/\/blumentroll.de\/index.php?rest_route=\/wp\/v2\/pages\/16\/revisions"}],"predecessor-version":[{"id":844,"href":"https:\/\/blumentroll.de\/index.php?rest_route=\/wp\/v2\/pages\/16\/revisions\/844"}],"wp:attachment":[{"href":"https:\/\/blumentroll.de\/index.php?rest_route=%2Fwp%2Fv2%2Fmedia&parent=16"}],"curies":[{"name":"wp","href":"https:\/\/api.w.org\/{rel}","templated":true}]}}